{"id":686,"date":"2022-04-08T11:14:00","date_gmt":"2022-04-08T11:14:00","guid":{"rendered":"https:\/\/sislam.pa.gov.br\/?page_id=686"},"modified":"2022-06-30T18:39:46","modified_gmt":"2022-06-30T18:39:46","slug":"sobre","status":"publish","type":"page","link":"https:\/\/sislam.pa.gov.br\/index.php\/sobre\/","title":{"rendered":"Sobre"},"content":{"rendered":"\t\t<div data-elementor-type=\"wp-page\" data-elementor-id=\"686\" class=\"elementor elementor-686\" data-elementor-settings=\"[]\">\n\t\t\t\t\t\t\t<div class=\"elementor-section-wrap\">\n\t\t\t\t\t\t\t<section class=\"elementor-section elementor-top-section elementor-element elementor-element-fdbd04d elementor-section-boxed elementor-section-height-default elementor-section-height-default\" data-id=\"fdbd04d\" data-element_type=\"section\" data-settings=\"{&quot;background_background&quot;:&quot;classic&quot;,&quot;_ha_eqh_enable&quot;:false}\">\n\t\t\t\t\t\t<div class=\"elementor-container elementor-column-gap-default\">\n\t\t\t\t\t<div class=\"elementor-column elementor-col-100 elementor-top-column elementor-element elementor-element-963ec59\" data-id=\"963ec59\" data-element_type=\"column\">\n\t\t\t<div class=\"elementor-widget-wrap elementor-element-populated\">\n\t\t\t\t\t\t\t\t<div class=\"elementor-element elementor-element-ca0f49a elementor-widget elementor-widget-heading\" data-id=\"ca0f49a\" data-element_type=\"widget\" data-widget_type=\"heading.default\">\n\t\t\t\t<div class=\"elementor-widget-container\">\n\t\t\t<style>\/*! elementor - v3.5.5 - 03-02-2022 *\/\n.elementor-heading-title{padding:0;margin:0;line-height:1}.elementor-widget-heading .elementor-heading-title[class*=elementor-size-]>a{color:inherit;font-size:inherit;line-height:inherit}.elementor-widget-heading .elementor-heading-title.elementor-size-small{font-size:15px}.elementor-widget-heading .elementor-heading-title.elementor-size-medium{font-size:19px}.elementor-widget-heading .elementor-heading-title.elementor-size-large{font-size:29px}.elementor-widget-heading .elementor-heading-title.elementor-size-xl{font-size:39px}.elementor-widget-heading .elementor-heading-title.elementor-size-xxl{font-size:59px}<\/style><h2 class=\"elementor-heading-title elementor-size-default\">Sobre<\/h2>\t\t<\/div>\n\t\t\t\t<\/div>\n\t\t\t\t\t<\/div>\n\t\t<\/div>\n\t\t\t\t\t\t\t<\/div>\n\t\t<\/section>\n\t\t\t\t<section class=\"elementor-section elementor-top-section elementor-element elementor-element-a067875 elementor-section-boxed elementor-section-height-default elementor-section-height-default\" data-id=\"a067875\" data-element_type=\"section\" data-settings=\"{&quot;_ha_eqh_enable&quot;:false}\">\n\t\t\t\t\t\t<div class=\"elementor-container elementor-column-gap-default\">\n\t\t\t\t\t<div class=\"elementor-column elementor-col-50 elementor-top-column elementor-element elementor-element-fb677b5\" data-id=\"fb677b5\" data-element_type=\"column\">\n\t\t\t<div class=\"elementor-widget-wrap elementor-element-populated\">\n\t\t\t\t\t\t\t\t<div class=\"elementor-element elementor-element-7c98198 elementor-widget elementor-widget-text-editor\" data-id=\"7c98198\" data-element_type=\"widget\" data-widget_type=\"text-editor.default\">\n\t\t\t\t<div class=\"elementor-widget-container\">\n\t\t\t<style>\/*! elementor - v3.5.5 - 03-02-2022 *\/\n.elementor-widget-text-editor.elementor-drop-cap-view-stacked .elementor-drop-cap{background-color:#818a91;color:#fff}.elementor-widget-text-editor.elementor-drop-cap-view-framed .elementor-drop-cap{color:#818a91;border:3px solid;background-color:transparent}.elementor-widget-text-editor:not(.elementor-drop-cap-view-default) .elementor-drop-cap{margin-top:8px}.elementor-widget-text-editor:not(.elementor-drop-cap-view-default) .elementor-drop-cap-letter{width:1em;height:1em}.elementor-widget-text-editor .elementor-drop-cap{float:left;text-align:center;line-height:1;font-size:50px}.elementor-widget-text-editor .elementor-drop-cap-letter{display:inline-block}<\/style>\t\t\t\t<h3><strong>SISLAM:<\/strong><\/h3><p>O Sistema de Licenciamento Ambiental Municipal \u2013 SISLAM \u00e9 um sistema eletr\u00f4nico disponibilizado aos \u00f3rg\u00e3os ambientais municipais do estado do Par\u00e1, para realiza\u00e7\u00e3o do licenciamento ambiental dos empreendimentos, obras e atividades de impacto ambiental local, ou delegadas, conforme diretrizes estabelecidas na Lei Complementar n\u00b0 140\/2011.<\/p><p>Institu\u00eddo pela Portaria n\u00ba 281, de 23\/02\/2022, a plataforma digital do SISLAM oferece diversas vantagens aos usu\u00e1rios externos (empreendedores) e aos respons\u00e1veis pela concess\u00e3o do licenciamento ambiental municipal (t\u00e9cnicos municipais), por tornar o processo de an\u00e1lise e concess\u00e3o de licen\u00e7as automatizado, eficiente e seguro.<\/p><p>O SISLAM consiste de uma iniciativa do Governo do Par\u00e1, implementada por meio da Secretaria de Estado de Meio Ambiente e Sustentabilidade (SEMAS), com recursos do Projeto Programa Munic\u00edpios Verdes\/Fundo Amaz\u00f4nia \u2013 PMV\/FA (Contrato de Concess\u00e3o de Colabora\u00e7\u00e3o Financeira N\u00e3o Reembols\u00e1vel n\u00ba 13.2.1297.1) operacionalizados pelo N\u00facleo Executor do Programa Munic\u00edpios Verdes (NEPMV).<\/p><p>O sistema \u00e9 online e gratuito. Desenvolvido para consolidar o compromisso do Governo do Estado do Par\u00e1 de fortalecer o protagonismo municipal na qualifica\u00e7\u00e3o da gest\u00e3o ambiental local, proporcionando avan\u00e7os tecnol\u00f3gicos ecoeficientes que racionalizam o consumo de recursos naturais, reduzem o uso de papel e a consequente gera\u00e7\u00e3o de res\u00edduos. Concomitante, o SISLAM amplia as capacidades organizativas do munic\u00edpio, melhora os servi\u00e7os da gest\u00e3o ambiental, proporcionando rapidez, comodidade e transpar\u00eancia aos usu\u00e1rios.<\/p>\t\t\t\t\t\t<\/div>\n\t\t\t\t<\/div>\n\t\t\t\t\t<\/div>\n\t\t<\/div>\n\t\t\t\t<div class=\"elementor-column elementor-col-50 elementor-top-column elementor-element elementor-element-32d9616\" data-id=\"32d9616\" data-element_type=\"column\">\n\t\t\t<div class=\"elementor-widget-wrap elementor-element-populated\">\n\t\t\t\t\t\t\t\t<div class=\"elementor-element elementor-element-b282696 elementor-widget elementor-widget-image\" data-id=\"b282696\" data-element_type=\"widget\" data-widget_type=\"image.default\">\n\t\t\t\t<div class=\"elementor-widget-container\">\n\t\t\t<style>\/*! elementor - v3.5.5 - 03-02-2022 *\/\n.elementor-widget-image{text-align:center}.elementor-widget-image a{display:inline-block}.elementor-widget-image a img[src$=\".svg\"]{width:48px}.elementor-widget-image img{vertical-align:middle;display:inline-block}<\/style>\t\t\t\t\t\t\t\t\t\t\t\t<img loading=\"lazy\" decoding=\"async\" width=\"782\" height=\"1024\" src=\"https:\/\/sislam.pa.gov.br\/wp-content\/uploads\/2022\/02\/SISLAM2-782x1024.png\" class=\"attachment-large size-large\" alt=\"\" srcset=\"https:\/\/sislam.pa.gov.br\/wp-content\/uploads\/2022\/02\/SISLAM2-782x1024.png 782w, https:\/\/sislam.pa.gov.br\/wp-content\/uploads\/2022\/02\/SISLAM2-229x300.png 229w, https:\/\/sislam.pa.gov.br\/wp-content\/uploads\/2022\/02\/SISLAM2-768x1005.png 768w, https:\/\/sislam.pa.gov.br\/wp-content\/uploads\/2022\/02\/SISLAM2-1173x1536.png 1173w, https:\/\/sislam.pa.gov.br\/wp-content\/uploads\/2022\/02\/SISLAM2-1080x1414.png 1080w, https:\/\/sislam.pa.gov.br\/wp-content\/uploads\/2022\/02\/SISLAM2-1280x1676.png 1280w, https:\/\/sislam.pa.gov.br\/wp-content\/uploads\/2022\/02\/SISLAM2-980x1283.png 980w, https:\/\/sislam.pa.gov.br\/wp-content\/uploads\/2022\/02\/SISLAM2-480x628.png 480w, https:\/\/sislam.pa.gov.br\/wp-content\/uploads\/2022\/02\/SISLAM2.png 1300w\" sizes=\"auto, (max-width: 782px) 100vw, 782px\" \/>\t\t\t\t\t\t\t\t\t\t\t\t\t\t\t<\/div>\n\t\t\t\t<\/div>\n\t\t\t\t\t<\/div>\n\t\t<\/div>\n\t\t\t\t\t\t\t<\/div>\n\t\t<\/section>\n\t\t\t\t<section class=\"elementor-section elementor-top-section elementor-element elementor-element-40ce98a elementor-section-boxed elementor-section-height-default elementor-section-height-default\" data-id=\"40ce98a\" data-element_type=\"section\" data-settings=\"{&quot;_ha_eqh_enable&quot;:false}\">\n\t\t\t\t\t\t<div class=\"elementor-container elementor-column-gap-default\">\n\t\t\t\t\t<div class=\"elementor-column elementor-col-100 elementor-top-column elementor-element elementor-element-ceb53f6\" data-id=\"ceb53f6\" data-element_type=\"column\">\n\t\t\t<div class=\"elementor-widget-wrap elementor-element-populated\">\n\t\t\t\t\t\t\t\t<div class=\"elementor-element elementor-element-07fe854 elementor-widget-divider--separator-type-pattern elementor-widget-divider--no-spacing elementor-widget-divider--view-line elementor-widget elementor-widget-divider\" data-id=\"07fe854\" data-element_type=\"widget\" data-widget_type=\"divider.default\">\n\t\t\t\t<div class=\"elementor-widget-container\">\n\t\t\t<style>\/*! elementor - v3.5.5 - 03-02-2022 *\/\n.elementor-widget-divider{--divider-border-style:none;--divider-border-width:1px;--divider-color:#2c2c2c;--divider-icon-size:20px;--divider-element-spacing:10px;--divider-pattern-height:24px;--divider-pattern-size:20px;--divider-pattern-url:none;--divider-pattern-repeat:repeat-x}.elementor-widget-divider .elementor-divider{display:-webkit-box;display:-ms-flexbox;display:flex}.elementor-widget-divider .elementor-divider__text{font-size:15px;line-height:1;max-width:95%}.elementor-widget-divider .elementor-divider__element{margin:0 var(--divider-element-spacing);-ms-flex-negative:0;flex-shrink:0}.elementor-widget-divider .elementor-icon{font-size:var(--divider-icon-size)}.elementor-widget-divider .elementor-divider-separator{display:-webkit-box;display:-ms-flexbox;display:flex;margin:0;direction:ltr}.elementor-widget-divider--view-line_icon .elementor-divider-separator,.elementor-widget-divider--view-line_text .elementor-divider-separator{-webkit-box-align:center;-ms-flex-align:center;align-items:center}.elementor-widget-divider--view-line_icon .elementor-divider-separator:after,.elementor-widget-divider--view-line_icon .elementor-divider-separator:before,.elementor-widget-divider--view-line_text .elementor-divider-separator:after,.elementor-widget-divider--view-line_text .elementor-divider-separator:before{display:block;content:\"\";border-bottom:0;-webkit-box-flex:1;-ms-flex-positive:1;flex-grow:1;border-top:var(--divider-border-width) var(--divider-border-style) var(--divider-color)}.elementor-widget-divider--element-align-left .elementor-divider .elementor-divider-separator>.elementor-divider__svg:first-of-type{-webkit-box-flex:0;-ms-flex-positive:0;flex-grow:0;-ms-flex-negative:100;flex-shrink:100}.elementor-widget-divider--element-align-left .elementor-divider-separator:before{content:none}.elementor-widget-divider--element-align-left .elementor-divider__element{margin-left:0}.elementor-widget-divider--element-align-right .elementor-divider .elementor-divider-separator>.elementor-divider__svg:last-of-type{-webkit-box-flex:0;-ms-flex-positive:0;flex-grow:0;-ms-flex-negative:100;flex-shrink:100}.elementor-widget-divider--element-align-right .elementor-divider-separator:after{content:none}.elementor-widget-divider--element-align-right .elementor-divider__element{margin-right:0}.elementor-widget-divider:not(.elementor-widget-divider--view-line_text):not(.elementor-widget-divider--view-line_icon) .elementor-divider-separator{border-top:var(--divider-border-width) var(--divider-border-style) var(--divider-color)}.elementor-widget-divider--separator-type-pattern{--divider-border-style:none}.elementor-widget-divider--separator-type-pattern.elementor-widget-divider--view-line .elementor-divider-separator,.elementor-widget-divider--separator-type-pattern:not(.elementor-widget-divider--view-line) .elementor-divider-separator:after,.elementor-widget-divider--separator-type-pattern:not(.elementor-widget-divider--view-line) .elementor-divider-separator:before,.elementor-widget-divider--separator-type-pattern:not([class*=elementor-widget-divider--view]) .elementor-divider-separator{width:100%;min-height:var(--divider-pattern-height);-webkit-mask-size:var(--divider-pattern-size) 100%;mask-size:var(--divider-pattern-size) 100%;-webkit-mask-repeat:var(--divider-pattern-repeat);mask-repeat:var(--divider-pattern-repeat);background-color:var(--divider-color);-webkit-mask-image:var(--divider-pattern-url);mask-image:var(--divider-pattern-url)}.elementor-widget-divider--no-spacing{--divider-pattern-size:auto}.elementor-widget-divider--bg-round{--divider-pattern-repeat:round}.rtl .elementor-widget-divider .elementor-divider__text{direction:rtl}<\/style>\t\t<div class=\"elementor-divider\" style=\"--divider-pattern-url: url(&quot;data:image\/svg+xml,%3Csvg xmlns=&#039;http:\/\/www.w3.org\/2000\/svg&#039; preserveAspectRatio=&#039;xMidYMid meet&#039; overflow=&#039;visible&#039; height=&#039;100%&#039; viewBox=&#039;0 0 126 26&#039; fill=&#039;black&#039; stroke=&#039;none&#039;%3E%3Cpath d=&#039;M3,10.2c2.6,0,2.6,2,2.6,3.2S4.4,16.5,3,16.5s-3-1.4-3-3.2S0.4,10.2,3,10.2z M18.8,10.2c1.7,0,3.2,1.4,3.2,3.2s-1.4,3.2-3.2,3.2c-1.7,0-3.2-1.4-3.2-3.2S17,10.2,18.8,10.2z M34.6,10.2c1.5,0,2.6,1.4,2.6,3.2s-0.5,3.2-1.9,3.2c-1.5,0-3.4-1.4-3.4-3.2S33.1,10.2,34.6,10.2z M50.5,10.2c1.7,0,3.2,1.4,3.2,3.2s-1.4,3.2-3.2,3.2c-1.7,0-3.3-0.9-3.3-2.6S48.7,10.2,50.5,10.2z M66.2,10.2c1.5,0,3.4,1.4,3.4,3.2s-1.9,3.2-3.4,3.2c-1.5,0-2.6-0.4-2.6-2.1S64.8,10.2,66.2,10.2z M82.2,10.2c1.7,0.8,2.6,1.4,2.6,3.2s-0.1,3.2-1.6,3.2c-1.5,0-3.7-1.4-3.7-3.2S80.5,9.4,82.2,10.2zM98.6,10.2c1.5,0,2.6,0.4,2.6,2.1s-1.2,4.2-2.6,4.2c-1.5,0-3.7-0.4-3.7-2.1S97.1,10.2,98.6,10.2z M113.4,10.2c1.2,0,2.2,0.9,2.2,3.2s-0.1,3.2-1.3,3.2s-3.1-1.4-3.1-3.2S112.2,10.2,113.4,10.2z&#039;\/%3E%3C\/svg%3E&quot;);\">\n\t\t\t<span class=\"elementor-divider-separator\">\n\t\t\t\t\t\t<\/span>\n\t\t<\/div>\n\t\t\t\t<\/div>\n\t\t\t\t<\/div>\n\t\t\t\t\t<\/div>\n\t\t<\/div>\n\t\t\t\t\t\t\t<\/div>\n\t\t<\/section>\n\t\t\t\t<section class=\"elementor-section elementor-top-section elementor-element elementor-element-21c6998 elementor-section-boxed elementor-section-height-default elementor-section-height-default\" data-id=\"21c6998\" data-element_type=\"section\" data-settings=\"{&quot;_ha_eqh_enable&quot;:false}\">\n\t\t\t\t\t\t<div class=\"elementor-container elementor-column-gap-default\">\n\t\t\t\t\t<div class=\"elementor-column elementor-col-100 elementor-top-column elementor-element elementor-element-3652264\" data-id=\"3652264\" data-element_type=\"column\">\n\t\t\t<div class=\"elementor-widget-wrap elementor-element-populated\">\n\t\t\t\t\t\t\t\t<div class=\"elementor-element elementor-element-6d91807 elementor-widget elementor-widget-text-editor\" data-id=\"6d91807\" data-element_type=\"widget\" data-widget_type=\"text-editor.default\">\n\t\t\t\t<div class=\"elementor-widget-container\">\n\t\t\t\t\t\t\t<h3><strong>Ades\u00e3o:<\/strong><\/h3><p>O munic\u00edpio que exerce as a\u00e7\u00f5es administrativas da Lei Complementar n\u00b0 140\/2011, referentes ao licenciamento ambiental pode requerer junto \u00e0 SEMAS a ades\u00e3o ao SISLAM, devendo encaminhar assinado o respectivo Termo de Ades\u00e3o e Uso (Anexo \u00danico da Portaria n\u00ba 281, de 23\/02\/2022).<\/p><p>No processo de an\u00e1lise, a SEMAS credenciar\u00e1 o munic\u00edpio e encaminhar\u00e1 um link de acesso ao SISLAM para o e-mail indicado.<\/p><p>O pr\u00f3ximo passo \u00e9 o Administrador Municipal do Sistema realizar a parametriza\u00e7\u00e3o no SISLAM com o objetivo de adapt\u00e1-lo: as tipologias de empreendimentos, obras e atividades locais, as necessidades e as diretrizes do licenciamento ambiental municipal, tendo como estrutura m\u00ednima para o funcionamento do sistema:<\/p><p>I- Sistema Operacional Windows 7 ou vers\u00e3o superior ou Linux Ubuntu; Exibi\u00e7\u00e3o Super VGA, com resolu\u00e7\u00e3o de 1024 x 768;\u00a0<\/p><p>II \u2013 Requisitos de Rede: Largura de banda maior que 1 Mega.<\/p>\t\t\t\t\t\t<\/div>\n\t\t\t\t<\/div>\n\t\t\t\t\t<\/div>\n\t\t<\/div>\n\t\t\t\t\t\t\t<\/div>\n\t\t<\/section>\n\t\t\t\t\t\t<\/div>\n\t\t\t\t\t<\/div>\n\t\t","protected":false},"excerpt":{"rendered":"<p>Sobre SISLAM: O Sistema de Licenciamento Ambiental Municipal \u2013 SISLAM \u00e9 um sistema eletr\u00f4nico disponibilizado aos \u00f3rg\u00e3os ambientais municipais do estado do Par\u00e1, para realiza\u00e7\u00e3o do licenciamento ambiental dos empreendimentos, obras e atividades de impacto ambiental local, ou delegadas, conforme diretrizes estabelecidas na Lei Complementar n\u00b0 140\/2011. Institu\u00eddo pela Portaria n\u00ba 281, de 23\/02\/2022, a &hellip;<\/p>\n<p class=\"read-more\"> <a class=\"\" href=\"https:\/\/sislam.pa.gov.br\/index.php\/sobre\/\"> <span class=\"screen-reader-text\">Sobre<\/span> Read More &raquo;<\/a><\/p>\n","protected":false},"author":1,"featured_media":0,"parent":0,"menu_order":0,"comment_status":"closed","ping_status":"closed","template":"","meta":{"site-sidebar-layout":"no-sidebar","site-content-layout":"page-builder","ast-main-header-display":"","ast-hfb-above-header-display":"","ast-hfb-below-header-display":"","ast-hfb-mobile-header-display":"","site-post-title":"disabled","ast-breadcrumbs-content":"","ast-featured-img":"disabled","footer-sml-layout":"","theme-transparent-header-meta":"","adv-header-id-meta":"","stick-header-meta":"","header-above-stick-meta":"","header-main-stick-meta":"","header-below-stick-meta":"","footnotes":""},"class_list":["post-686","page","type-page","status-publish","hentry"],"_links":{"self":[{"href":"https:\/\/sislam.pa.gov.br\/index.php\/wp-json\/wp\/v2\/pages\/686","targetHints":{"allow":["GET"]}}],"collection":[{"href":"https:\/\/sislam.pa.gov.br\/index.php\/wp-json\/wp\/v2\/pages"}],"about":[{"href":"https:\/\/sislam.pa.gov.br\/index.php\/wp-json\/wp\/v2\/types\/page"}],"author":[{"embeddable":true,"href":"https:\/\/sislam.pa.gov.br\/index.php\/wp-json\/wp\/v2\/users\/1"}],"replies":[{"embeddable":true,"href":"https:\/\/sislam.pa.gov.br\/index.php\/wp-json\/wp\/v2\/comments?post=686"}],"version-history":[{"count":12,"href":"https:\/\/sislam.pa.gov.br\/index.php\/wp-json\/wp\/v2\/pages\/686\/revisions"}],"predecessor-version":[{"id":1099,"href":"https:\/\/sislam.pa.gov.br\/index.php\/wp-json\/wp\/v2\/pages\/686\/revisions\/1099"}],"wp:attachment":[{"href":"https:\/\/sislam.pa.gov.br\/index.php\/wp-json\/wp\/v2\/media?parent=686"}],"curies":[{"name":"wp","href":"https:\/\/api.w.org\/{rel}","templated":true}]}}