{"id":800,"date":"2022-05-11T11:55:58","date_gmt":"2022-05-11T11:55:58","guid":{"rendered":"https:\/\/sislam.pa.gov.br\/?page_id=800"},"modified":"2022-11-07T23:38:38","modified_gmt":"2022-11-07T23:38:38","slug":"duvidas-frequentes","status":"publish","type":"page","link":"https:\/\/sislam.pa.gov.br\/index.php\/duvidas-frequentes\/","title":{"rendered":"D\u00favidas Frequentes"},"content":{"rendered":"\t\t<div data-elementor-type=\"wp-page\" data-elementor-id=\"800\" class=\"elementor elementor-800\" data-elementor-settings=\"[]\">\n\t\t\t\t\t\t\t<div class=\"elementor-section-wrap\">\n\t\t\t\t\t\t\t<section class=\"elementor-section elementor-top-section elementor-element elementor-element-273207f elementor-section-boxed elementor-section-height-default elementor-section-height-default\" data-id=\"273207f\" data-element_type=\"section\" data-settings=\"{&quot;background_background&quot;:&quot;classic&quot;,&quot;_ha_eqh_enable&quot;:false}\">\n\t\t\t\t\t\t<div class=\"elementor-container elementor-column-gap-default\">\n\t\t\t\t\t<div class=\"elementor-column elementor-col-100 elementor-top-column elementor-element elementor-element-2d87024\" data-id=\"2d87024\" data-element_type=\"column\">\n\t\t\t<div class=\"elementor-widget-wrap elementor-element-populated\">\n\t\t\t\t\t\t\t\t<div class=\"elementor-element elementor-element-2851d6c elementor-widget elementor-widget-heading\" data-id=\"2851d6c\" data-element_type=\"widget\" data-widget_type=\"heading.default\">\n\t\t\t\t<div class=\"elementor-widget-container\">\n\t\t\t<style>\/*! elementor - v3.5.5 - 03-02-2022 *\/\n.elementor-heading-title{padding:0;margin:0;line-height:1}.elementor-widget-heading .elementor-heading-title[class*=elementor-size-]>a{color:inherit;font-size:inherit;line-height:inherit}.elementor-widget-heading .elementor-heading-title.elementor-size-small{font-size:15px}.elementor-widget-heading .elementor-heading-title.elementor-size-medium{font-size:19px}.elementor-widget-heading .elementor-heading-title.elementor-size-large{font-size:29px}.elementor-widget-heading .elementor-heading-title.elementor-size-xl{font-size:39px}.elementor-widget-heading .elementor-heading-title.elementor-size-xxl{font-size:59px}<\/style><h2 class=\"elementor-heading-title elementor-size-default\">D\u00favidas Frequentes<\/h2>\t\t<\/div>\n\t\t\t\t<\/div>\n\t\t\t\t\t<\/div>\n\t\t<\/div>\n\t\t\t\t\t\t\t<\/div>\n\t\t<\/section>\n\t\t\t\t<section class=\"elementor-section elementor-top-section elementor-element elementor-element-39ee21a elementor-section-boxed elementor-section-height-default elementor-section-height-default\" data-id=\"39ee21a\" data-element_type=\"section\" data-settings=\"{&quot;_ha_eqh_enable&quot;:false}\">\n\t\t\t\t\t\t<div class=\"elementor-container elementor-column-gap-default\">\n\t\t\t\t\t<div class=\"elementor-column elementor-col-100 elementor-top-column elementor-element elementor-element-7197c85\" data-id=\"7197c85\" data-element_type=\"column\">\n\t\t\t<div class=\"elementor-widget-wrap elementor-element-populated\">\n\t\t\t\t\t\t\t\t<div class=\"elementor-element elementor-element-5ecea38 elementor-widget elementor-widget-accordion\" data-id=\"5ecea38\" data-element_type=\"widget\" data-widget_type=\"accordion.default\">\n\t\t\t\t<div class=\"elementor-widget-container\">\n\t\t\t<style>\/*! elementor - v3.5.5 - 03-02-2022 *\/\n.elementor-accordion{text-align:left}.elementor-accordion .elementor-accordion-item{border:1px solid #d4d4d4}.elementor-accordion .elementor-accordion-item+.elementor-accordion-item{border-top:none}.elementor-accordion .elementor-tab-title{margin:0;padding:15px 20px;font-weight:700;line-height:1;cursor:pointer;outline:none}.elementor-accordion .elementor-tab-title .elementor-accordion-icon{display:inline-block;width:1.5em}.elementor-accordion .elementor-tab-title .elementor-accordion-icon svg{width:1em;height:1em}.elementor-accordion .elementor-tab-title .elementor-accordion-icon.elementor-accordion-icon-right{float:right;text-align:right}.elementor-accordion .elementor-tab-title .elementor-accordion-icon.elementor-accordion-icon-left{float:left;text-align:left}.elementor-accordion .elementor-tab-title .elementor-accordion-icon .elementor-accordion-icon-closed{display:block}.elementor-accordion .elementor-tab-title .elementor-accordion-icon .elementor-accordion-icon-opened,.elementor-accordion .elementor-tab-title.elementor-active .elementor-accordion-icon-closed{display:none}.elementor-accordion .elementor-tab-title.elementor-active .elementor-accordion-icon-opened{display:block}.elementor-accordion .elementor-tab-content{display:none;padding:15px 20px;border-top:1px solid #d4d4d4}@media (max-width:767px){.elementor-accordion .elementor-tab-title{padding:12px 15px}.elementor-accordion .elementor-tab-title .elementor-accordion-icon{width:1.2em}.elementor-accordion .elementor-tab-content{padding:7px 15px}}<\/style>\t\t<div class=\"elementor-accordion\" role=\"tablist\">\n\t\t\t\t\t\t\t<div class=\"elementor-accordion-item\">\n\t\t\t\t\t<div id=\"elementor-tab-title-9941\" class=\"elementor-tab-title\" data-tab=\"1\" role=\"tab\" aria-controls=\"elementor-tab-content-9941\" aria-expanded=\"false\">\n\t\t\t\t\t\t\t\t\t\t\t\t\t<span class=\"elementor-accordion-icon elementor-accordion-icon-left\" aria-hidden=\"true\">\n\t\t\t\t\t\t\t\t\t\t\t\t\t\t\t<span class=\"elementor-accordion-icon-closed\"><i class=\"fas fa-plus\"><\/i><\/span>\n\t\t\t\t\t\t\t\t<span class=\"elementor-accordion-icon-opened\"><i class=\"fas fa-minus\"><\/i><\/span>\n\t\t\t\t\t\t\t\t\t\t\t\t\t\t<\/span>\n\t\t\t\t\t\t\t\t\t\t\t\t<a class=\"elementor-accordion-title\" href=\"\">O QUE \u00c9 O SISTEMA DE LICENCIAMENTO AMBIENTAL MUNICIPAL (SISLAM)?<\/a>\n\t\t\t\t\t<\/div>\n\t\t\t\t\t<div id=\"elementor-tab-content-9941\" class=\"elementor-tab-content elementor-clearfix\" data-tab=\"1\" role=\"tabpanel\" aria-labelledby=\"elementor-tab-title-9941\"><p>O Sistema de Licenciamento Ambiental Municipal \u2013 SISLAM \u00e9 um sistema eletr\u00f4nico disponibilizado aos \u00f3rg\u00e3os ambientais municipais do estado do Par\u00e1, para realiza\u00e7\u00e3o do licenciamento ambiental dos empreendimentos, obras e atividades de impacto ambiental local, ou delegadas, conforme diretrizes estabelecidas na Lei Complementar n\u00b0 140\/2011. Essa ferramenta permite a automatiza\u00e7\u00e3o dos processos de licenciamento ambiental e est\u00e1 dispon\u00edvel aos munic\u00edpios paraenses para ades\u00e3o e uso, para tornar os seus procedimentos de licenciamento ambiental mais c\u00e9leres e transparentes, de f\u00e1cil acesso e acompanhamento por parte dos empreendedores respons\u00e1veis por atividades pass\u00edveis de licenciamento ambiental cuja compet\u00eancia seja do munic\u00edpio.<\/p><\/div>\n\t\t\t\t<\/div>\n\t\t\t\t\t\t\t<div class=\"elementor-accordion-item\">\n\t\t\t\t\t<div id=\"elementor-tab-title-9942\" class=\"elementor-tab-title\" data-tab=\"2\" role=\"tab\" aria-controls=\"elementor-tab-content-9942\" aria-expanded=\"false\">\n\t\t\t\t\t\t\t\t\t\t\t\t\t<span class=\"elementor-accordion-icon elementor-accordion-icon-left\" aria-hidden=\"true\">\n\t\t\t\t\t\t\t\t\t\t\t\t\t\t\t<span class=\"elementor-accordion-icon-closed\"><i class=\"fas fa-plus\"><\/i><\/span>\n\t\t\t\t\t\t\t\t<span class=\"elementor-accordion-icon-opened\"><i class=\"fas fa-minus\"><\/i><\/span>\n\t\t\t\t\t\t\t\t\t\t\t\t\t\t<\/span>\n\t\t\t\t\t\t\t\t\t\t\t\t<a class=\"elementor-accordion-title\" href=\"\">ONDE ENCONTRO INFORMA\u00c7\u00d5ES A RESPEITO DO SISLAM?<\/a>\n\t\t\t\t\t<\/div>\n\t\t\t\t\t<div id=\"elementor-tab-content-9942\" class=\"elementor-tab-content elementor-clearfix\" data-tab=\"2\" role=\"tabpanel\" aria-labelledby=\"elementor-tab-title-9942\"><p>No portal SISLAM o usu\u00e1rio do sistema poder\u00e1 encontrar informa\u00e7\u00f5es como legisla\u00e7\u00f5es, manuais, material de apoio, links para acessar o sistema, dentre outros. Segue o link do portal: https:\/\/sislam.pa.gov.br\/<\/p><\/div>\n\t\t\t\t<\/div>\n\t\t\t\t\t\t\t<div class=\"elementor-accordion-item\">\n\t\t\t\t\t<div id=\"elementor-tab-title-9943\" class=\"elementor-tab-title\" data-tab=\"3\" role=\"tab\" aria-controls=\"elementor-tab-content-9943\" aria-expanded=\"false\">\n\t\t\t\t\t\t\t\t\t\t\t\t\t<span class=\"elementor-accordion-icon elementor-accordion-icon-left\" aria-hidden=\"true\">\n\t\t\t\t\t\t\t\t\t\t\t\t\t\t\t<span class=\"elementor-accordion-icon-closed\"><i class=\"fas fa-plus\"><\/i><\/span>\n\t\t\t\t\t\t\t\t<span class=\"elementor-accordion-icon-opened\"><i class=\"fas fa-minus\"><\/i><\/span>\n\t\t\t\t\t\t\t\t\t\t\t\t\t\t<\/span>\n\t\t\t\t\t\t\t\t\t\t\t\t<a class=\"elementor-accordion-title\" href=\"\">COMO O MUNIC\u00cdPIO SOLICITA A ADES\u00c3O?<\/a>\n\t\t\t\t\t<\/div>\n\t\t\t\t\t<div id=\"elementor-tab-content-9943\" class=\"elementor-tab-content elementor-clearfix\" data-tab=\"3\" role=\"tabpanel\" aria-labelledby=\"elementor-tab-title-9943\"><p>O munic\u00edpio que exerce as a\u00e7\u00f5es administrativas da Lei Complementar n\u00b0 140\/2011, referentes ao licenciamento ambiental pode requerer junto \u00e0 SEMAS protocolando of\u00edcio com solicita\u00e7\u00e3o para ades\u00e3o ao SISLAM para a devida formaliza\u00e7\u00e3o do processo em sistema pr\u00f3prio, devendo encaminhar em anexo documenta\u00e7\u00e3o juntamente com o Termo de Ades\u00e3o e Uso assinado (Anexo \u00danico da Portaria n\u00ba 281, de 23\/02\/2022).<\/p><p>No processo de an\u00e1lise, a SEMAS efetua o credenciamento do munic\u00edpio e encaminha um link de acesso ao SISLAM para o e-mail indicado.<\/p><p>O pr\u00f3ximo passo \u00e9 o Administrador Municipal do Sistema realizar a parametriza\u00e7\u00e3o no SISLAM com o objetivo de adaptar \u00e0s necessidades municipais &#8211; as tipologias de empreendimentos, obras e atividades locais e as diretrizes do licenciamento ambiental municipal, tendo como estrutura m\u00ednima para o funcionamento do sistema:<\/p><p>I- Sistema Operacional Windows 7 ou vers\u00e3o superior ou Linux Ubuntu; Exibi\u00e7\u00e3o Super VGA, com resolu\u00e7\u00e3o de 1024 x 768;<\/p><p>II \u2013 Requisitos de Rede: Largura de banda maior que 1 Mega.<\/p><\/div>\n\t\t\t\t<\/div>\n\t\t\t\t\t\t\t<div class=\"elementor-accordion-item\">\n\t\t\t\t\t<div id=\"elementor-tab-title-9944\" class=\"elementor-tab-title\" data-tab=\"4\" role=\"tab\" aria-controls=\"elementor-tab-content-9944\" aria-expanded=\"false\">\n\t\t\t\t\t\t\t\t\t\t\t\t\t<span class=\"elementor-accordion-icon elementor-accordion-icon-left\" aria-hidden=\"true\">\n\t\t\t\t\t\t\t\t\t\t\t\t\t\t\t<span class=\"elementor-accordion-icon-closed\"><i class=\"fas fa-plus\"><\/i><\/span>\n\t\t\t\t\t\t\t\t<span class=\"elementor-accordion-icon-opened\"><i class=\"fas fa-minus\"><\/i><\/span>\n\t\t\t\t\t\t\t\t\t\t\t\t\t\t<\/span>\n\t\t\t\t\t\t\t\t\t\t\t\t<a class=\"elementor-accordion-title\" href=\"\">MUNIC\u00cdPIO SE ENCONTRA COM DIFICULDADE DE PROTOCOLAR OF\u00cdCIO PRESENCIALMENTE NA SEMAS PARA SOLICITAR ADES\u00c3O. O QUE FAZER?<\/a>\n\t\t\t\t\t<\/div>\n\t\t\t\t\t<div id=\"elementor-tab-content-9944\" class=\"elementor-tab-content elementor-clearfix\" data-tab=\"4\" role=\"tabpanel\" aria-labelledby=\"elementor-tab-title-9944\"><p>O munic\u00edpio poder\u00e1 encaminhar o of\u00edcio juntamente com as documenta\u00e7\u00f5es exigidas na Portaria n\u00ba 281\/2022, aos cuidados da DIORED, para solicitar a ades\u00e3o ao sistema atrav\u00e9s do e-mail do protocolo da SEMAS: protocolo@semas.pa.gov.br<\/p><\/div>\n\t\t\t\t<\/div>\n\t\t\t\t\t\t\t<div class=\"elementor-accordion-item\">\n\t\t\t\t\t<div id=\"elementor-tab-title-9945\" class=\"elementor-tab-title\" data-tab=\"5\" role=\"tab\" aria-controls=\"elementor-tab-content-9945\" aria-expanded=\"false\">\n\t\t\t\t\t\t\t\t\t\t\t\t\t<span class=\"elementor-accordion-icon elementor-accordion-icon-left\" aria-hidden=\"true\">\n\t\t\t\t\t\t\t\t\t\t\t\t\t\t\t<span class=\"elementor-accordion-icon-closed\"><i class=\"fas fa-plus\"><\/i><\/span>\n\t\t\t\t\t\t\t\t<span class=\"elementor-accordion-icon-opened\"><i class=\"fas fa-minus\"><\/i><\/span>\n\t\t\t\t\t\t\t\t\t\t\t\t\t\t<\/span>\n\t\t\t\t\t\t\t\t\t\t\t\t<a class=\"elementor-accordion-title\" href=\"\">QUAIS OS DOCUMENTOS NECESS\u00c1RIOS PARA QUE O MUNIC\u00cdPIO SOLICITE A ADES\u00c3O AO SISTEMA DE LICENCIAMENTO AMBIENTAL MUNICIPAL?<\/a>\n\t\t\t\t\t<\/div>\n\t\t\t\t\t<div id=\"elementor-tab-content-9945\" class=\"elementor-tab-content elementor-clearfix\" data-tab=\"5\" role=\"tabpanel\" aria-labelledby=\"elementor-tab-title-9945\"><p>I \u2013 02 (duas) vias do Termo de Ades\u00e3o e Uso, devidamente assinados;<\/p><p>II \u2013 c\u00f3pias da carteira de identidade, do Cadastro de Pessoa F\u00edsica \u2013 CPF, do comprovante de resid\u00eancia, do termo de posse e do diploma do(a) Prefeito(a);<\/p><p>III \u2013 c\u00f3pias da carteira de identidade, do Cadastro de Pessoa F\u00edsica &#8211; CPF, do comprovante de resid\u00eancia e do decreto de nomea\u00e7\u00e3o do(a) Secret\u00e1rio(a) de Meio Ambiente do Munic\u00edpio;<\/p><p>IV \u2013 c\u00f3pias da carteira de identidade, do Cadastro de Pessoa F\u00edsica &#8211; CPF, e do comprovante de resid\u00eancia do administrador de sistema designado pelo Secret\u00e1rio(a) de Meio Ambiente do Munic\u00edpio;<\/p><p>V \u2013 c\u00f3pias dos comprovantes de endere\u00e7o, com CEP, da Prefeitura Municipal e do \u00f3rg\u00e3o ambiental municipal;<\/p><p>VI \u2013 c\u00f3pia do Cadastro Nacional da Pessoa Jur\u00eddica \u2013 CNPJ da Prefeitura Municipal;\u00a0<\/p><p>VII \u2013 declara\u00e7\u00e3o assinada pelos(as) Prefeito(a) e Secret\u00e1rio(a) de Meio Ambiente Municipal, na qual atestam atender os requisitos m\u00ednimos para o funcionamento do SISLAM, de acordo com o Termo de Ades\u00e3o e Uso, indicando os contatos de e-mail e telefones do(a) Prefeito(a) Municipal, do(a) Secret\u00e1rio(a) de Meio Ambiente do Munic\u00edpio e do Administrador de Sistema.<\/p><p>O munic\u00edpio que possuir conv\u00eanio de delega\u00e7\u00e3o de compet\u00eancia, ou vier a celebrar, para determinada tipologia de licenciamento ambiental, al\u00e9m dos documentos citados acima, dever\u00e3o juntar ao pedido: I &#8211; c\u00f3pia do respectivo Conv\u00eanio de delega\u00e7\u00e3o de compet\u00eancia; e II- of\u00edcio com a solicita\u00e7\u00e3o da parametriza\u00e7\u00e3o do sistema, de acordo com as especificidades da(s) tipologia(s) delegada(s).<\/p><\/div>\n\t\t\t\t<\/div>\n\t\t\t\t\t\t\t<div class=\"elementor-accordion-item\">\n\t\t\t\t\t<div id=\"elementor-tab-title-9946\" class=\"elementor-tab-title\" data-tab=\"6\" role=\"tab\" aria-controls=\"elementor-tab-content-9946\" aria-expanded=\"false\">\n\t\t\t\t\t\t\t\t\t\t\t\t\t<span class=\"elementor-accordion-icon elementor-accordion-icon-left\" aria-hidden=\"true\">\n\t\t\t\t\t\t\t\t\t\t\t\t\t\t\t<span class=\"elementor-accordion-icon-closed\"><i class=\"fas fa-plus\"><\/i><\/span>\n\t\t\t\t\t\t\t\t<span class=\"elementor-accordion-icon-opened\"><i class=\"fas fa-minus\"><\/i><\/span>\n\t\t\t\t\t\t\t\t\t\t\t\t\t\t<\/span>\n\t\t\t\t\t\t\t\t\t\t\t\t<a class=\"elementor-accordion-title\" href=\"\">QUAIS OS BENEF\u00cdCIOS DE UTILIZAR O SISLAM?<\/a>\n\t\t\t\t\t<\/div>\n\t\t\t\t\t<div id=\"elementor-tab-content-9946\" class=\"elementor-tab-content elementor-clearfix\" data-tab=\"6\" role=\"tabpanel\" aria-labelledby=\"elementor-tab-title-9946\"><p>O SISLAM oferecer\u00e1 vantagens aos respons\u00e1veis pelos empreendimentos e aos respons\u00e1veis pela concess\u00e3o do licenciamento municipal, por fazer com que o processo de an\u00e1lise e concess\u00e3o de licen\u00e7as ocorra de maneira segura e automatizada. Permitir\u00e1 ao respons\u00e1vel por um empreendimento, fazer um pedido para a concess\u00e3o de licenciamento ambiental previamente cadastrado pela secretaria de meio ambiente da prefeitura da cidade onde o seu empreendimento est\u00e1 localizado, al\u00e9m de tamb\u00e9m, poder acompanhar o processo de concess\u00e3o e sendo deferido, ter f\u00e1cil acesso ao documento que atesta a licen\u00e7a de seu empreendimento.<\/p><\/div>\n\t\t\t\t<\/div>\n\t\t\t\t\t\t\t<div class=\"elementor-accordion-item\">\n\t\t\t\t\t<div id=\"elementor-tab-title-9947\" class=\"elementor-tab-title\" data-tab=\"7\" role=\"tab\" aria-controls=\"elementor-tab-content-9947\" aria-expanded=\"false\">\n\t\t\t\t\t\t\t\t\t\t\t\t\t<span class=\"elementor-accordion-icon elementor-accordion-icon-left\" aria-hidden=\"true\">\n\t\t\t\t\t\t\t\t\t\t\t\t\t\t\t<span class=\"elementor-accordion-icon-closed\"><i class=\"fas fa-plus\"><\/i><\/span>\n\t\t\t\t\t\t\t\t<span class=\"elementor-accordion-icon-opened\"><i class=\"fas fa-minus\"><\/i><\/span>\n\t\t\t\t\t\t\t\t\t\t\t\t\t\t<\/span>\n\t\t\t\t\t\t\t\t\t\t\t\t<a class=\"elementor-accordion-title\" href=\"\">AP\u00d3S O MUNIC\u00cdPIO ESTAR CREDENCIADO E N\u00c3O CONSEGUIR ACESSO, O QUE DEVE FAZER?<\/a>\n\t\t\t\t\t<\/div>\n\t\t\t\t\t<div id=\"elementor-tab-content-9947\" class=\"elementor-tab-content elementor-clearfix\" data-tab=\"7\" role=\"tabpanel\" aria-labelledby=\"elementor-tab-title-9947\"><p>1- Acessar no Portal do SISLAM, o m\u00f3dulo licenciamento: https:\/\/sislam.pa.gov.br\/licenciamento\/login<\/p><p>2- Clicar na op\u00e7\u00e3o: Esqueceu sua senha? Recupere aqui.<\/p><p>3- Fazer a identifica\u00e7\u00e3o: CPF, nome completo e data de nascimento -&gt; Ap\u00f3s, clicar em validar.<\/p><p>4- Cadastrar nova senha e confirmar nova senha clicando em salvar.<\/p><\/div>\n\t\t\t\t<\/div>\n\t\t\t\t\t\t\t<div class=\"elementor-accordion-item\">\n\t\t\t\t\t<div id=\"elementor-tab-title-9948\" class=\"elementor-tab-title\" data-tab=\"8\" role=\"tab\" aria-controls=\"elementor-tab-content-9948\" aria-expanded=\"false\">\n\t\t\t\t\t\t\t\t\t\t\t\t\t<span class=\"elementor-accordion-icon elementor-accordion-icon-left\" aria-hidden=\"true\">\n\t\t\t\t\t\t\t\t\t\t\t\t\t\t\t<span class=\"elementor-accordion-icon-closed\"><i class=\"fas fa-plus\"><\/i><\/span>\n\t\t\t\t\t\t\t\t<span class=\"elementor-accordion-icon-opened\"><i class=\"fas fa-minus\"><\/i><\/span>\n\t\t\t\t\t\t\t\t\t\t\t\t\t\t<\/span>\n\t\t\t\t\t\t\t\t\t\t\t\t<a class=\"elementor-accordion-title\" href=\"\">AP\u00d3S O MUNIC\u00cdPIO ESTAR CREDENCIADO, QUAL O PR\u00d3XIMO PASSO?<\/a>\n\t\t\t\t\t<\/div>\n\t\t\t\t\t<div id=\"elementor-tab-content-9948\" class=\"elementor-tab-content elementor-clearfix\" data-tab=\"8\" role=\"tabpanel\" aria-labelledby=\"elementor-tab-title-9948\"><p>A partir do Credenciamento, o Administrador Municipal poder\u00e1 iniciar as primeiras caracteriza\u00e7\u00f5es do Sistema, configurando e adaptando \u00e0s necessidades e diretrizes do licenciamento ambiental local. Em caso de d\u00favidas para manuseio no SISLAM, o usu\u00e1rio poder\u00e1 ter acesso \u00e0 p\u00e1gina dos Manuais do sistema (<a href=\"https:\/\/sislam.pa.gov.br\/index.php\/manuais\">https:\/\/sislam.pa.gov.br\/index.php\/manuais<\/a>\/), onde est\u00e3o dispon\u00edveis o Guia pr\u00e1tico do Manual Interno &#8211; ADM Municipal e o Guia pr\u00e1tico do Manual Externo &#8211; Empreendedor<\/p><\/div>\n\t\t\t\t<\/div>\n\t\t\t\t\t\t\t<div class=\"elementor-accordion-item\">\n\t\t\t\t\t<div id=\"elementor-tab-title-9949\" class=\"elementor-tab-title\" data-tab=\"9\" role=\"tab\" aria-controls=\"elementor-tab-content-9949\" aria-expanded=\"false\">\n\t\t\t\t\t\t\t\t\t\t\t\t\t<span class=\"elementor-accordion-icon elementor-accordion-icon-left\" aria-hidden=\"true\">\n\t\t\t\t\t\t\t\t\t\t\t\t\t\t\t<span class=\"elementor-accordion-icon-closed\"><i class=\"fas fa-plus\"><\/i><\/span>\n\t\t\t\t\t\t\t\t<span class=\"elementor-accordion-icon-opened\"><i class=\"fas fa-minus\"><\/i><\/span>\n\t\t\t\t\t\t\t\t\t\t\t\t\t\t<\/span>\n\t\t\t\t\t\t\t\t\t\t\t\t<a class=\"elementor-accordion-title\" href=\"\">EM CASO DE D\u00daVIDAS QUANTO AO MANUSEIO DO SISLAM, EXISTE UM CONTATO PARA SUPORTE?<\/a>\n\t\t\t\t\t<\/div>\n\t\t\t\t\t<div id=\"elementor-tab-content-9949\" class=\"elementor-tab-content elementor-clearfix\" data-tab=\"9\" role=\"tabpanel\" aria-labelledby=\"elementor-tab-title-9949\"><p>No portal SISLAM, o usu\u00e1rio poder\u00e1 ter acesso \u00e0 aba Contato (<a href=\"https:\/\/sislam.pa.gov.br\/index.php\/contato\/\">https:\/\/sislam.pa.gov.br\/index.php\/contato\/<\/a>), onde encontrar\u00e1 op\u00e7\u00f5es para contactar o suporte.<\/p><\/div>\n\t\t\t\t<\/div>\n\t\t\t\t\t\t\t\t<\/div>\n\t\t\t\t<\/div>\n\t\t\t\t<\/div>\n\t\t\t\t\t<\/div>\n\t\t<\/div>\n\t\t\t\t\t\t\t<\/div>\n\t\t<\/section>\n\t\t\t\t\t\t<\/div>\n\t\t\t\t\t<\/div>\n\t\t","protected":false},"excerpt":{"rendered":"<p>D\u00favidas Frequentes O QUE \u00c9 O SISTEMA DE LICENCIAMENTO AMBIENTAL MUNICIPAL (SISLAM)? O Sistema de Licenciamento Ambiental Municipal \u2013 SISLAM \u00e9 um sistema eletr\u00f4nico disponibilizado aos \u00f3rg\u00e3os ambientais municipais do estado do Par\u00e1, para realiza\u00e7\u00e3o do licenciamento ambiental dos empreendimentos, obras e atividades de impacto ambiental local, ou delegadas, conforme diretrizes estabelecidas na Lei Complementar &hellip;<\/p>\n<p class=\"read-more\"> <a class=\"\" href=\"https:\/\/sislam.pa.gov.br\/index.php\/duvidas-frequentes\/\"> <span class=\"screen-reader-text\">D\u00favidas Frequentes<\/span> Read More &raquo;<\/a><\/p>\n","protected":false},"author":1,"featured_media":0,"parent":0,"menu_order":0,"comment_status":"closed","ping_status":"closed","template":"","meta":{"site-sidebar-layout":"no-sidebar","site-content-layout":"page-builder","ast-main-header-display":"","ast-hfb-above-header-display":"","ast-hfb-below-header-display":"","ast-hfb-mobile-header-display":"","site-post-title":"disabled","ast-breadcrumbs-content":"","ast-featured-img":"disabled","footer-sml-layout":"","theme-transparent-header-meta":"","adv-header-id-meta":"","stick-header-meta":"","header-above-stick-meta":"","header-main-stick-meta":"","header-below-stick-meta":"","footnotes":""},"class_list":["post-800","page","type-page","status-publish","hentry"],"_links":{"self":[{"href":"https:\/\/sislam.pa.gov.br\/index.php\/wp-json\/wp\/v2\/pages\/800","targetHints":{"allow":["GET"]}}],"collection":[{"href":"https:\/\/sislam.pa.gov.br\/index.php\/wp-json\/wp\/v2\/pages"}],"about":[{"href":"https:\/\/sislam.pa.gov.br\/index.php\/wp-json\/wp\/v2\/types\/page"}],"author":[{"embeddable":true,"href":"https:\/\/sislam.pa.gov.br\/index.php\/wp-json\/wp\/v2\/users\/1"}],"replies":[{"embeddable":true,"href":"https:\/\/sislam.pa.gov.br\/index.php\/wp-json\/wp\/v2\/comments?post=800"}],"version-history":[{"count":19,"href":"https:\/\/sislam.pa.gov.br\/index.php\/wp-json\/wp\/v2\/pages\/800\/revisions"}],"predecessor-version":[{"id":1069,"href":"https:\/\/sislam.pa.gov.br\/index.php\/wp-json\/wp\/v2\/pages\/800\/revisions\/1069"}],"wp:attachment":[{"href":"https:\/\/sislam.pa.gov.br\/index.php\/wp-json\/wp\/v2\/media?parent=800"}],"curies":[{"name":"wp","href":"https:\/\/api.w.org\/{rel}","templated":true}]}}